{"id":55852,"date":"2025-03-17T15:02:28","date_gmt":"2025-03-17T15:02:28","guid":{"rendered":"https:\/\/services.specialcargo.com\/over-ons\/"},"modified":"2025-03-17T15:02:28","modified_gmt":"2025-03-17T15:02:28","slug":"over-ons","status":"publish","type":"page","link":"https:\/\/services.specialcargo.com\/nl-nl\/over-ons\/","title":{"rendered":"Over ons"},"content":{"rendered":"<div class=\"container \" data-type=\"core\/heading\"><div class=\"row justify-content-center\"><div class=\"col-12 col-md-12 col-lg-10 col-xl-8\"> \n<h2 class=\"wp-block-heading\">Totaaloplossing voor verzendklaar maken en opslag gevaarlijke goederen<\/h2>\n<\/div><\/div><\/div>\n\n<div class=\"container \" data-type=\"core\/paragraph\"><div class=\"row justify-content-center\"><div class=\"col-12 col-md-12 col-lg-10 col-xl-8\"> \n<p><strong>Als toonaangevende speler in de logistieke sector opereert Special Cargo Services vanuit onze strategisch gelegen vestigingen op Schiphol, in IJmuiden, de Europoort, en in Houston (Texas\/VS). Onze belofte: een allesomvattende oplossing voor het verzendklaar maken en veilig opslaan van gevaarlijke stoffen. Dankzij onze wereldwijde vertegenwoordiging en expertise garanderen wij dat alle zendingen voldoen aan de hoogste normen op het gebied van veiligheid en compliance.<\/strong><\/p>\n<\/div><\/div><\/div>\n\n<div class=\"container \" data-type=\"core\/heading\"><div class=\"row justify-content-center\"><div class=\"col-12 col-md-12 col-lg-10 col-xl-8\"> \n<h2 class=\"wp-block-heading\">Onberispelijke logistieke stroom<\/h2>\n<\/div><\/div><\/div>\n\n<div class=\"container \" data-type=\"core\/paragraph\"><div class=\"row justify-content-center\"><div class=\"col-12 col-md-12 col-lg-10 col-xl-8\"> \n<p>Onze gespecialiseerde teams zorgen ervoor dat gevaarlijke goederen \u2013 van gevarenklasse 1 tot en met 9 \u2013 nauwkeurig verzendklaar worden gemaakt voor lucht-, weg- en\/of zeevervoer. Volledig compliant ge\u00ebtiketteerd, gedocumenteerd en verpakt verlaten de zendingen onze vestigingen. Met onze state-of-the-art faciliteiten kunnen wij goederen ook herpakken of omgieten, conform alle internationale regelgeving zoals IATA, ADR en IMDG. Zo legt Special Cargo Services de fundering voor een ononderbroken en veilige logistieke stroom.<\/p>\n<\/div><\/div><\/div>\n\n\n<figure class=\"wp-block-image size-large\"><img decoding=\"async\" data-src=\"https:\/\/services.specialcargo.com\/wp-content\/uploads\/sites\/2\/2025\/03\/Over-ons-scaled-2-1024x381.jpg\" alt=\"\" class=\"wp-image-38496 lazyload\" src=\"data:image\/gif;base64,R0lGODlhAQABAAAAACH5BAEKAAEALAAAAAABAAEAAAICTAEAOw==\" style=\"--smush-placeholder-width: 1024px; --smush-placeholder-aspect-ratio: 1024\/381;\" \/><\/figure>\n\n\n<div class=\"container \" data-type=\"core\/heading\"><div class=\"row justify-content-center\"><div class=\"col-12 col-md-12 col-lg-10 col-xl-8\"> \n<h2 class=\"wp-block-heading\">Veilig luchtvervoer geborgd door onze E-erkenning<\/h2>\n<\/div><\/div><\/div>\n\n<div class=\"container \" data-type=\"core\/paragraph\"><div class=\"row justify-content-center\"><div class=\"col-12 col-md-12 col-lg-10 col-xl-8\"> \n<p>Voor het versturen van gevaarlijke stoffen door de lucht heb je een erkenning nodig van de overheid. Special Cargo Services kan je die zorg uit handen nemen. Met onze E-erkenning kunnen we de volledige juridische aansprakelijkheid overnemen van jou als afzender. De zending wordt tiptop aangeleverd op de luchthaven.<\/p>\n<\/div><\/div><\/div>\n\n<div class=\"container \" data-type=\"core\/heading\"><div class=\"row justify-content-center\"><div class=\"col-12 col-md-12 col-lg-10 col-xl-8\"> \n<h2 class=\"wp-block-heading\">Topklasse warehousing voor alle gevarenklassen<\/h2>\n<\/div><\/div><\/div>\n\n<div class=\"container \" data-type=\"core\/paragraph\"><div class=\"row justify-content-center\"><div class=\"col-12 col-md-12 col-lg-10 col-xl-8\"> \n<p>Onze geavanceerde opslagfaciliteiten zijn ISO 9001:2015-gecertificeerd en weerspiegelen de hoogste kwaliteitsstandaarden. Op onze locaties in Nederland en de VS is 25.000 m<sup>2 <\/sup>warehouse beschikbaar, voorzien van de nieuwste brandbeveiliging en ventilatietechnologie. Hier krijgen DG-zendingen van alle gevarenklassen een veilig onderkomen, tijdelijk of voor langere periode.&nbsp;<\/p>\n<\/div><\/div><\/div>\n\n<div class=\"container \" data-type=\"core\/heading\"><div class=\"row justify-content-center\"><div class=\"col-12 col-md-12 col-lg-10 col-xl-8\"> \n<h2 class=\"wp-block-heading\">Exclusieve specialistische opslag<\/h2>\n<\/div><\/div><\/div>\n\n<div class=\"container \" data-type=\"core\/paragraph\"><div class=\"row justify-content-center\"><div class=\"col-12 col-md-12 col-lg-10 col-xl-8\"> \n<p>Special Cargo Services biedt niet alleen reguliere opslagoplossingen, maar ook specialistische faciliteiten voor goederen met uitzonderlijke risico\u2019s. Zo hanteren wij de strengste wettelijke standaarden voor de opslag van bijvoorbeeld lithium-energiedragers, radioactieve stoffen (gevarenklasse 7) en explosieve stoffen (klasse 1). Onze gevaarlijke stoffen-deskundigen garanderen dat elke lading de expertise ontvangt die hij verdient.<\/p>\n<\/div><\/div><\/div>\n\n<div class=\"container \" data-type=\"core\/heading\"><div class=\"row justify-content-center\"><div class=\"col-12 col-md-12 col-lg-10 col-xl-8\"> \n<h2 class=\"wp-block-heading\">Wereldwijde logistieke excellentie<\/h2>\n<\/div><\/div><\/div>\n\n<div class=\"container \" data-type=\"core\/paragraph\"><div class=\"row justify-content-center\"><div class=\"col-12 col-md-12 col-lg-10 col-xl-8\"> \n<p>Onze vestiging in Houston fungeert als spil in gestroomlijnd transport vanuit de VS. Hier worden alle zendingen , vaak met een sterke focus op de energiesector, nauwgezet ge\u00ebtiketteerd, gedocumenteerd en verpakt. Special Cargo Houston kent ook een gespecialiseerde afdeling voor de ontwikkeling en productie van houten, UN-gekeurde (UN4D) verpakkingen. Via onze strategische hubs in Schiphol, IJmuiden en Rotterdam worden deze goederen verder vervoerd naar het Europese achterland. Een onge\u00ebvenaarde, grenzeloze logistieke keten.<\/p>\n<\/div><\/div><\/div>\n\n<div class=\"container \" data-type=\"core\/heading\"><div class=\"row justify-content-center\"><div class=\"col-12 col-md-12 col-lg-10 col-xl-8\"> \n<h2 class=\"wp-block-heading\">Expert douane-afhandeling voor zorgeloze internationale handel<\/h2>\n<\/div><\/div><\/div>\n\n<div class=\"container \" data-type=\"core\/paragraph\"><div class=\"row justify-content-center\"><div class=\"col-12 col-md-12 col-lg-10 col-xl-8\"> \n<p>Laat uw internationale handel soepel verlopen met onze deskundige douane-afhandeling. Special Cargo Services neemt alle douaneformaliteiten uit handen, van het opmaken en indienen van douane-aangiften tot het berekenen en afdragen van invoerrechten en belastingen. Wij slaan niet-EU-goederen veilig op in ons douane-entrepot en bieden ondersteuning bij exportcontrole. Ons toegewijde team zorgt ervoor dat alle goederenstromen effici\u00ebnt en volgens de laatste wet- en regelgeving worden afgehandeld.<\/p>\n<\/div><\/div><\/div>\n\n<div class=\"lftp lavendr-block aligndefault cta no-media\" id=\"lf-cta-block_06ae88f62c4188d2349a67161f88bbc0\"  style=><figure class=\"component image border-ornament\"><img decoding=\"async\" data-src=\"https:\/\/services.specialcargo.com\/wp-content\/mu-plugins\/lavendr-framework-child\/assets\/img\/border-01.svg\" class=\"media lazyload\" alt=\"\" role=\"presentation\" src=\"data:image\/gif;base64,R0lGODlhAQABAAAAACH5BAEKAAEALAAAAAABAAEAAAICTAEAOw==\"><\/figure><div class=\"inner\">\n    <div class=\"container\">\n        <div class=\"row\">\n            <div class=\"col-12\">\n                <div class=\"content-wrapper\">\n                    <div class=\"inner\"><div class=\"text-wrapper\"><div class=\"component text-block alignment-start \">\n    <div class=\"inner\"><h2 class=\"component text heading\">&#8220;Bij Special Cargo Services zijn jouw gevaarlijke stoffen in veilige handen: betrouwbare en innovatieve logistiek voor iedere zending, overal ter wereld.&#8221; \u2003<\/h2><div class=\"component text paragraph\"><p>Hugo Krempel \u2013 Business Unit Manager Special Cargo Services Schiphol<\/p>\n<\/div><\/div>\n<\/div><\/div>\n                    <\/div>\n                <\/div>\n            <\/div>\n        <\/div>\n    <\/div>\n<\/div><\/div>\n\n<div class=\"container \" data-type=\"core\/heading\"><div class=\"row justify-content-center\"><div class=\"col-12 col-md-12 col-lg-10 col-xl-8\"> \n<h2 class=\"wp-block-heading\">Ruim 25 jaar toonaangevend in veilige logistiek<\/h2>\n<\/div><\/div><\/div>\n\n<div class=\"container \" data-type=\"core\/paragraph\"><div class=\"row justify-content-center\"><div class=\"col-12 col-md-12 col-lg-10 col-xl-8\"> \n<p>Sinds onze oprichting in 1998 is Special Cargo uitgegroeid tot een vooraanstaande logistieke onderneming met een sterke familiebasis. Dit stelt ons in staat te focussen op duurzame groei, terwijl we trouw blijven aan onze kernwaarden: veiligheid, deskundigheid, samenwerking, innovatie, proactief en betrokken. Deze waarden vormen het fundament van onze organisatie en de basis voor langdurige samenwerkingen met onze klanten en partners.<\/p>\n<\/div><\/div><\/div>\n\n<div class=\"container \" data-type=\"core\/heading\"><div class=\"row justify-content-center\"><div class=\"col-12 col-md-12 col-lg-10 col-xl-8\"> \n<h2 class=\"wp-block-heading\">Kies voor kwaliteit \u2013 waarom Special Cargo Services?<\/h2>\n<\/div><\/div><\/div>\n\n<div class=\"container \" data-type=\"core\/paragraph\"><div class=\"row justify-content-center\"><div class=\"col-12 col-md-12 col-lg-10 col-xl-8\"> \n<p>Enkele sterke punten die ons uniek maken en die ervoor zorgen dat klanten ons kiezen als samenwerkingspartner:<\/p>\n<\/div><\/div><\/div>\n\n<div class=\"container \" data-type=\"core\/list\"><div class=\"row justify-content-center\"><div class=\"col-12 col-md-12 col-lg-10 col-xl-8\"> \n<ul class=\"wp-block-list\">\n<li>Veilig &amp; betrouwbaar. Strikte veiligheidsprotocollen en nauwkeurige uitvoering: afspraak is afspraak, wereldwijd.<\/li>\n\n\n\n<li>Alles onder \u00e9\u00e9n dak. Van verpakken tot transport en advies: \u00e9\u00e9n aanspreekpunt voor jouw complete logistieke proces.<\/li>\n\n\n\n<li>Alle gevarenklassen. Behandeling en transport van gevarenklasse 1 tot en met 9, dus alle ADR-klassen zijn welkom bij ons.<\/li>\n\n\n\n<li>Flexibel &amp; klantgericht. Maatwerk, korte lijnen en snelle schakeling bij spoed of veranderende wensen.<\/li>\n\n\n\n<li>Wereldwijd netwerk en bereik. Internationale dekking met lokale kennis \u2013 van douane tot distributie.<\/li>\n\n\n\n<li>Innovatief &amp; transparant. Realtime inzicht via slimme systemen. Altijd up-to-date, altijd in controle.<\/li>\n\n\n\n<li>Certificeringen en erkenningen. Alles in huis voor een veilige en compliant dienstverlening, zoals: E-erkenning, AEO, TAPA, ISO 9001:2015, GDP.<\/li>\n<\/ul>\n<\/div><\/div><\/div>\n\n<div class=\"container \" data-type=\"core\/heading\"><div class=\"row justify-content-center\"><div class=\"col-12 col-md-12 col-lg-10 col-xl-8\"> \n<h2 class=\"wp-block-heading\">Klaar voor de volgende stap?<\/h2>\n<\/div><\/div><\/div>\n\n<div class=\"container \" data-type=\"core\/paragraph\"><div class=\"row justify-content-center\"><div class=\"col-12 col-md-12 col-lg-10 col-xl-8\"> \n<p>Ben jij klaar om jouw logistieke processen naar een hoger niveau te tillen? Ons ervaren team staat voor je klaar om samen met jou te werken aan een zorgeloze, veilige en compliant afhandeling van jouw gevaarlijke goederen. Neem vandaag nog <a href=\"https:\/\/services.specialcargo.com\/nl-nl\/contact\/\" target=\"_blank\" rel=\"noreferrer noopener\">contact<\/a> met ons op<\/p>\n<\/div><\/div><\/div>","protected":false},"excerpt":{"rendered":"<p>Totaaloplossing voor verzendklaar maken en opslag gevaarlijke goederen Als toonaangevende speler in de logistieke sector opereert Special Cargo Services vanuit onze strategisch gelegen vestigingen op Schiphol, in IJmuiden, de Europoort, en in Houston (Texas\/VS). Onze belofte: een allesomvattende oplossing voor het verzendklaar maken en veilig opslaan van gevaarlijke stoffen. Dankzij onze wereldwijde vertegenwoordiging en expertise [&hellip;]<\/p>\n","protected":false},"author":2,"featured_media":55853,"parent":0,"menu_order":0,"comment_status":"closed","ping_status":"closed","template":"","meta":{"_acf_changed":false,"footnotes":""},"class_list":["post-55852","page","type-page","status-publish","has-post-thumbnail","hentry"],"acf":[],"yoast_head":"<!-- This site is optimized with the Yoast SEO plugin v25.2 - https:\/\/yoast.com\/wordpress\/plugins\/seo\/ -->\n<title>Over ons - Special Cargo Services<\/title>\n<meta name=\"robots\" content=\"index, follow, max-snippet:-1, max-image-preview:large, max-video-preview:-1\" \/>\n<link rel=\"canonical\" href=\"https:\/\/services.specialcargo.com\/nl-nl\/over-ons\/\" \/>\n<meta property=\"og:locale\" content=\"nl_NL\" \/>\n<meta property=\"og:type\" content=\"article\" \/>\n<meta property=\"og:title\" content=\"Over ons - Special Cargo Services\" \/>\n<meta property=\"og:description\" content=\"Totaaloplossing voor verzendklaar maken en opslag gevaarlijke goederen Als toonaangevende speler in de logistieke sector opereert Special Cargo Services vanuit onze strategisch gelegen vestigingen op Schiphol, in IJmuiden, de Europoort, en in Houston (Texas\/VS). Onze belofte: een allesomvattende oplossing voor het verzendklaar maken en veilig opslaan van gevaarlijke stoffen. Dankzij onze wereldwijde vertegenwoordiging en expertise [&hellip;]\" \/>\n<meta property=\"og:url\" content=\"https:\/\/services.specialcargo.com\/nl-nl\/over-ons\/\" \/>\n<meta property=\"og:site_name\" content=\"Special Cargo Services\" \/>\n<meta name=\"twitter:card\" content=\"summary_large_image\" \/>\n<meta name=\"twitter:label1\" content=\"Geschatte leestijd\" \/>\n\t<meta name=\"twitter:data1\" content=\"3 minuten\" \/>\n<script type=\"application\/ld+json\" class=\"yoast-schema-graph\">{\"@context\":\"https:\/\/schema.org\",\"@graph\":[{\"@type\":\"WebPage\",\"@id\":\"https:\/\/services.specialcargo.com\/nl-nl\/over-ons\/\",\"url\":\"https:\/\/services.specialcargo.com\/nl-nl\/over-ons\/\",\"name\":\"Over ons - Special Cargo Services\",\"isPartOf\":{\"@id\":\"https:\/\/services.specialcargo.com\/nl-nl\/#website\"},\"primaryImageOfPage\":{\"@id\":\"https:\/\/services.specialcargo.com\/nl-nl\/over-ons\/#primaryimage\"},\"image\":{\"@id\":\"https:\/\/services.specialcargo.com\/nl-nl\/over-ons\/#primaryimage\"},\"thumbnailUrl\":\"https:\/\/services.specialcargo.com\/wp-content\/uploads\/sites\/2\/2025\/03\/Team-foto-Services-Europoort-crop.jpg\",\"datePublished\":\"2025-03-17T15:02:28+00:00\",\"breadcrumb\":{\"@id\":\"https:\/\/services.specialcargo.com\/nl-nl\/over-ons\/#breadcrumb\"},\"inLanguage\":\"nl-NL\",\"potentialAction\":[{\"@type\":\"ReadAction\",\"target\":[\"https:\/\/services.specialcargo.com\/nl-nl\/over-ons\/\"]}]},{\"@type\":\"ImageObject\",\"inLanguage\":\"nl-NL\",\"@id\":\"https:\/\/services.specialcargo.com\/nl-nl\/over-ons\/#primaryimage\",\"url\":\"https:\/\/services.specialcargo.com\/wp-content\/uploads\/sites\/2\/2025\/03\/Team-foto-Services-Europoort-crop.jpg\",\"contentUrl\":\"https:\/\/services.specialcargo.com\/wp-content\/uploads\/sites\/2\/2025\/03\/Team-foto-Services-Europoort-crop.jpg\",\"width\":2500,\"height\":1667},{\"@type\":\"BreadcrumbList\",\"@id\":\"https:\/\/services.specialcargo.com\/nl-nl\/over-ons\/#breadcrumb\",\"itemListElement\":[{\"@type\":\"ListItem\",\"position\":1,\"name\":\"Home\",\"item\":\"https:\/\/services.specialcargo.com\/nl-nl\/\"},{\"@type\":\"ListItem\",\"position\":2,\"name\":\"Over ons\"}]},{\"@type\":\"WebSite\",\"@id\":\"https:\/\/services.specialcargo.com\/nl-nl\/#website\",\"url\":\"https:\/\/services.specialcargo.com\/nl-nl\/\",\"name\":\"Special Cargo Services\",\"description\":\"\",\"publisher\":{\"@id\":\"https:\/\/services.specialcargo.com\/nl-nl\/#organization\"},\"potentialAction\":[{\"@type\":\"SearchAction\",\"target\":{\"@type\":\"EntryPoint\",\"urlTemplate\":\"https:\/\/services.specialcargo.com\/nl-nl\/?s={search_term_string}\"},\"query-input\":{\"@type\":\"PropertyValueSpecification\",\"valueRequired\":true,\"valueName\":\"search_term_string\"}}],\"inLanguage\":\"nl-NL\"},{\"@type\":\"Organization\",\"@id\":\"https:\/\/services.specialcargo.com\/nl-nl\/#organization\",\"name\":\"Special Cargo Services\",\"url\":\"https:\/\/services.specialcargo.com\/nl-nl\/\",\"logo\":{\"@type\":\"ImageObject\",\"inLanguage\":\"nl-NL\",\"@id\":\"https:\/\/services.specialcargo.com\/nl-nl\/#\/schema\/logo\/image\/\",\"url\":\"\",\"contentUrl\":\"\",\"caption\":\"Special Cargo Services\"},\"image\":{\"@id\":\"https:\/\/services.specialcargo.com\/nl-nl\/#\/schema\/logo\/image\/\"}}]}<\/script>\n<!-- \/ Yoast SEO plugin. -->","yoast_head_json":{"title":"Over ons - Special Cargo Services","robots":{"index":"index","follow":"follow","max-snippet":"max-snippet:-1","max-image-preview":"max-image-preview:large","max-video-preview":"max-video-preview:-1"},"canonical":"https:\/\/services.specialcargo.com\/nl-nl\/over-ons\/","og_locale":"nl_NL","og_type":"article","og_title":"Over ons - Special Cargo Services","og_description":"Totaaloplossing voor verzendklaar maken en opslag gevaarlijke goederen Als toonaangevende speler in de logistieke sector opereert Special Cargo Services vanuit onze strategisch gelegen vestigingen op Schiphol, in IJmuiden, de Europoort, en in Houston (Texas\/VS). Onze belofte: een allesomvattende oplossing voor het verzendklaar maken en veilig opslaan van gevaarlijke stoffen. Dankzij onze wereldwijde vertegenwoordiging en expertise [&hellip;]","og_url":"https:\/\/services.specialcargo.com\/nl-nl\/over-ons\/","og_site_name":"Special Cargo Services","twitter_card":"summary_large_image","twitter_misc":{"Geschatte leestijd":"3 minuten"},"schema":{"@context":"https:\/\/schema.org","@graph":[{"@type":"WebPage","@id":"https:\/\/services.specialcargo.com\/nl-nl\/over-ons\/","url":"https:\/\/services.specialcargo.com\/nl-nl\/over-ons\/","name":"Over ons - Special Cargo Services","isPartOf":{"@id":"https:\/\/services.specialcargo.com\/nl-nl\/#website"},"primaryImageOfPage":{"@id":"https:\/\/services.specialcargo.com\/nl-nl\/over-ons\/#primaryimage"},"image":{"@id":"https:\/\/services.specialcargo.com\/nl-nl\/over-ons\/#primaryimage"},"thumbnailUrl":"https:\/\/services.specialcargo.com\/wp-content\/uploads\/sites\/2\/2025\/03\/Team-foto-Services-Europoort-crop.jpg","datePublished":"2025-03-17T15:02:28+00:00","breadcrumb":{"@id":"https:\/\/services.specialcargo.com\/nl-nl\/over-ons\/#breadcrumb"},"inLanguage":"nl-NL","potentialAction":[{"@type":"ReadAction","target":["https:\/\/services.specialcargo.com\/nl-nl\/over-ons\/"]}]},{"@type":"ImageObject","inLanguage":"nl-NL","@id":"https:\/\/services.specialcargo.com\/nl-nl\/over-ons\/#primaryimage","url":"https:\/\/services.specialcargo.com\/wp-content\/uploads\/sites\/2\/2025\/03\/Team-foto-Services-Europoort-crop.jpg","contentUrl":"https:\/\/services.specialcargo.com\/wp-content\/uploads\/sites\/2\/2025\/03\/Team-foto-Services-Europoort-crop.jpg","width":2500,"height":1667},{"@type":"BreadcrumbList","@id":"https:\/\/services.specialcargo.com\/nl-nl\/over-ons\/#breadcrumb","itemListElement":[{"@type":"ListItem","position":1,"name":"Home","item":"https:\/\/services.specialcargo.com\/nl-nl\/"},{"@type":"ListItem","position":2,"name":"Over ons"}]},{"@type":"WebSite","@id":"https:\/\/services.specialcargo.com\/nl-nl\/#website","url":"https:\/\/services.specialcargo.com\/nl-nl\/","name":"Special Cargo Services","description":"","publisher":{"@id":"https:\/\/services.specialcargo.com\/nl-nl\/#organization"},"potentialAction":[{"@type":"SearchAction","target":{"@type":"EntryPoint","urlTemplate":"https:\/\/services.specialcargo.com\/nl-nl\/?s={search_term_string}"},"query-input":{"@type":"PropertyValueSpecification","valueRequired":true,"valueName":"search_term_string"}}],"inLanguage":"nl-NL"},{"@type":"Organization","@id":"https:\/\/services.specialcargo.com\/nl-nl\/#organization","name":"Special Cargo Services","url":"https:\/\/services.specialcargo.com\/nl-nl\/","logo":{"@type":"ImageObject","inLanguage":"nl-NL","@id":"https:\/\/services.specialcargo.com\/nl-nl\/#\/schema\/logo\/image\/","url":"","contentUrl":"","caption":"Special Cargo Services"},"image":{"@id":"https:\/\/services.specialcargo.com\/nl-nl\/#\/schema\/logo\/image\/"}}]}},"_links":{"self":[{"href":"https:\/\/services.specialcargo.com\/nl-nl\/wp-json\/wp\/v2\/pages\/55852","targetHints":{"allow":["GET"]}}],"collection":[{"href":"https:\/\/services.specialcargo.com\/nl-nl\/wp-json\/wp\/v2\/pages"}],"about":[{"href":"https:\/\/services.specialcargo.com\/nl-nl\/wp-json\/wp\/v2\/types\/page"}],"author":[{"embeddable":true,"href":"https:\/\/services.specialcargo.com\/nl-nl\/wp-json\/wp\/v2\/users\/2"}],"replies":[{"embeddable":true,"href":"https:\/\/services.specialcargo.com\/nl-nl\/wp-json\/wp\/v2\/comments?post=55852"}],"version-history":[{"count":0,"href":"https:\/\/services.specialcargo.com\/nl-nl\/wp-json\/wp\/v2\/pages\/55852\/revisions"}],"wp:featuredmedia":[{"embeddable":true,"href":"https:\/\/services.specialcargo.com\/nl-nl\/wp-json\/wp\/v2\/media\/55853"}],"wp:attachment":[{"href":"https:\/\/services.specialcargo.com\/nl-nl\/wp-json\/wp\/v2\/media?parent=55852"}],"curies":[{"name":"wp","href":"https:\/\/api.w.org\/{rel}","templated":true}]}}